{"id":17,"date":"2025-09-09T14:23:47","date_gmt":"2025-09-09T14:23:47","guid":{"rendered":"https:\/\/zuzana.sokolova.website.tuke.sk\/?page_id=17"},"modified":"2026-01-29T17:38:19","modified_gmt":"2026-01-29T17:38:19","slug":"projekty","status":"publish","type":"page","link":"https:\/\/zuzana.sokolova.website.tuke.sk\/?page_id=17","title":{"rendered":"Projekty"},"content":{"rendered":"\n<p class=\"is-style-text-annotation is-style-text-annotation--1\">Detekcia toxick\u00fdch prejavov a\u00a0manipulat\u00edvnych techn\u00edk pomocou umelej inteligencie (AI) a\u00a0ve\u013ek\u00fdch jazykov\u00fdch modelov (LLM)                                                                                                                                                           03\/TUKE\/2026 ved\u00faca projektu:\u00a0<strong>Ing. Zuzana Sokolov\u00e1, PhD.<\/strong><\/p>\n\n\n\n<p class=\"is-style-text-annotation has-small-font-size is-style-text-annotation--2\"><strong>Laborat\u00f3rium na v\u00fdskum a v\u00fdvoj pokro\u010dil\u00fdch IoT senzorov\u00fdch siet\u00ed a \u0161irokop\u00e1smov\u00fdch senzorov\u00a0<\/strong>         <strong>KEGA<\/strong> \u00a0041TUKE-4\/2025, 2025-2027, ved\u00faci projektu: prof. Ing. Milo\u0161 Drutarovsk\u00fd, CSc.\u00a0<\/p>\n\n\n\n<p class=\"is-style-text-annotation is-style-text-annotation--3\"><strong>Inov\u00e1cia \u0161tud. materi\u00e1lov a budovanie zru\u010dnost\u00ed v oblasti hybridn\u00fdch klaudov\u00fdch rie\u0161en\u00ed<\/strong>\u00a0                       KEGA 049TUKE-4\/2024, 2024-2026, ved\u00faci projektu: doc. Ing. Mat\u00fa\u0161 Pleva, PhD. \u00a0<\/p>\n\n\n\n<p class=\"is-style-text-annotation is-style-text-annotation--4\"><strong>Zmluva o spolupr\u00e1ci v oblasti v\u00fdskumu a v\u00fdvoja digit\u00e1lnej transform\u00e1cie (IS Urbion)<\/strong>\u00a0              61\/190001\/2022-SPOL, 2023-2024, ved\u00faci projektu: Dr.h.c. prof.h.c. prof. Ing. S. Kme\u0165, DrSc. \u00a0<\/p>\n\n\n\n<p class=\"is-style-text-annotation is-style-text-annotation--5\"><strong>Multimod\u00e1lna detekcia prejavov toxick\u00e9ho spr\u00e1vania v soci\u00e1lnych m\u00e9di\u00e1ch<\/strong>\u00a0                                                      APVV-22-0414, 2023-2027, ved\u00faca projektu: prof. Ing. Krist\u00edna Machov\u00e1, PhD.<\/p>\n\n\n\n<p class=\"is-style-text-annotation is-style-text-annotation--6\"><strong>\u00daloha podporn\u00fdch n\u00e1strojov pre skor\u00fa diagnostiku a terapiu u det\u00ed s\u00a0poruch. sluchu a\u00a0re\u010di<\/strong>                APVV-22-0261, 2023-2027, ved\u00faci projektu: doc. Ing. Stanislav Ond\u00e1\u0161, PhD.<\/p>\n\n\n\n<p class=\"is-style-text-annotation is-style-text-annotation--7\"><strong>Technol\u00f3gie pre podporu generovania odpovede pre viacjazy\u010dn\u00e9ho inteligentn\u00e9ho agenta<\/strong>                               APVV-SK-TW-21-0002, 2021-2022, ved\u00faci projektu: Ing. Daniel Hl\u00e1dek, PhD.<\/p>\n\n\n\n<p><\/p>\n","protected":false},"excerpt":{"rendered":"<p>Detekcia toxick\u00fdch prejavov a\u00a0manipulat\u00edvnych techn\u00edk pomocou umelej inteligencie (AI) a\u00a0ve\u013ek\u00fdch jazykov\u00fdch modelov (LLM) 03\/TUKE\/2026 ved\u00faca projektu:\u00a0Ing. Zuzana Sokolov\u00e1, PhD. Laborat\u00f3rium na v\u00fdskum a v\u00fdvoj pokro\u010dil\u00fdch IoT senzorov\u00fdch siet\u00ed a \u0161irokop\u00e1smov\u00fdch senzorov\u00a0 KEGA \u00a0041TUKE-4\/2025, 2025-2027, ved\u00faci projektu: prof. Ing. Milo\u0161 Drutarovsk\u00fd, CSc.\u00a0 Inov\u00e1cia \u0161tud. materi\u00e1lov a budovanie zru\u010dnost\u00ed v oblasti hybridn\u00fdch klaudov\u00fdch rie\u0161en\u00ed\u00a0 KEGA 049TUKE-4\/2024, 2024-2026, [&hellip;]<\/p>\n","protected":false},"author":1,"featured_media":0,"parent":0,"menu_order":0,"comment_status":"closed","ping_status":"closed","template":"","meta":{"footnotes":""},"class_list":["post-17","page","type-page","status-publish","hentry"],"_links":{"self":[{"href":"https:\/\/zuzana.sokolova.website.tuke.sk\/index.php?rest_route=\/wp\/v2\/pages\/17","targetHints":{"allow":["GET"]}}],"collection":[{"href":"https:\/\/zuzana.sokolova.website.tuke.sk\/index.php?rest_route=\/wp\/v2\/pages"}],"about":[{"href":"https:\/\/zuzana.sokolova.website.tuke.sk\/index.php?rest_route=\/wp\/v2\/types\/page"}],"author":[{"embeddable":true,"href":"https:\/\/zuzana.sokolova.website.tuke.sk\/index.php?rest_route=\/wp\/v2\/users\/1"}],"replies":[{"embeddable":true,"href":"https:\/\/zuzana.sokolova.website.tuke.sk\/index.php?rest_route=%2Fwp%2Fv2%2Fcomments&post=17"}],"version-history":[{"count":5,"href":"https:\/\/zuzana.sokolova.website.tuke.sk\/index.php?rest_route=\/wp\/v2\/pages\/17\/revisions"}],"predecessor-version":[{"id":80,"href":"https:\/\/zuzana.sokolova.website.tuke.sk\/index.php?rest_route=\/wp\/v2\/pages\/17\/revisions\/80"}],"wp:attachment":[{"href":"https:\/\/zuzana.sokolova.website.tuke.sk\/index.php?rest_route=%2Fwp%2Fv2%2Fmedia&parent=17"}],"curies":[{"name":"wp","href":"https:\/\/api.w.org\/{rel}","templated":true}]}}