{"id":19,"date":"2025-09-09T14:24:38","date_gmt":"2025-09-09T14:24:38","guid":{"rendered":"https:\/\/zuzana.sokolova.website.tuke.sk\/?page_id=19"},"modified":"2025-09-09T16:35:29","modified_gmt":"2025-09-09T16:35:29","slug":"vyucba","status":"publish","type":"page","link":"https:\/\/zuzana.sokolova.website.tuke.sk\/?page_id=19","title":{"rendered":"V\u00fdu\u010dba"},"content":{"rendered":"\n<p class=\"is-style-text-subtitle is-style-text-subtitle--1\">Aktu\u00e1lna pedagogick\u00e1 \u010dinnos\u0165<\/p>\n\n\n\n<ul class=\"wp-block-list\">\n<li>Z\u00e1klady algoritmiz\u00e1cie a programovania, bakal\u00e1rske \u0161t\u00fadium, ZS, 1. r., 2021 &#8211; s\u00fa\u010dasnos\u0165<\/li>\n\n\n\n<li>Datab\u00e1zov\u00e9 syst\u00e9my, bakal\u00e1rske \u0161t\u00fadium, LS, 2022 &#8211; s\u00fa\u010dasnos\u0165<\/li>\n\n\n\n<li>Objektovo orientovan\u00e9 programovanie, bakal\u00e1rske \u0161t\u00fadium, ZS, 2024 \u2013 s\u00fa\u010dasnos\u0165<\/li>\n\n\n\n<li>Princ\u00edpy po\u010d\u00edta\u010dov\u00e9ho in\u017einierstva, bakal\u00e1rske \u0161t\u00fadium, ZS, 2024 \u2013 s\u00fa\u010dasnos\u0165<\/li>\n<\/ul>\n\n\n\n<p class=\"is-style-text-subtitle is-style-text-subtitle--2\">Particip\u00e1cia vo v\u00fdu\u010dbe in\u00fdch predmetov<\/p>\n\n\n\n<ul class=\"wp-block-list\">\n<li>Vedeck\u00fd projekt, bakal\u00e1rske \u0161t\u00fadium, 2. r., LS<\/li>\n<\/ul>\n\n\n\n<p class=\"is-style-text-subtitle is-style-text-subtitle--3\"><\/p>\n","protected":false},"excerpt":{"rendered":"<p>Aktu\u00e1lna pedagogick\u00e1 \u010dinnos\u0165 Particip\u00e1cia vo v\u00fdu\u010dbe in\u00fdch predmetov<\/p>\n","protected":false},"author":1,"featured_media":0,"parent":0,"menu_order":0,"comment_status":"closed","ping_status":"closed","template":"","meta":{"footnotes":""},"class_list":["post-19","page","type-page","status-publish","hentry"],"_links":{"self":[{"href":"https:\/\/zuzana.sokolova.website.tuke.sk\/index.php?rest_route=\/wp\/v2\/pages\/19","targetHints":{"allow":["GET"]}}],"collection":[{"href":"https:\/\/zuzana.sokolova.website.tuke.sk\/index.php?rest_route=\/wp\/v2\/pages"}],"about":[{"href":"https:\/\/zuzana.sokolova.website.tuke.sk\/index.php?rest_route=\/wp\/v2\/types\/page"}],"author":[{"embeddable":true,"href":"https:\/\/zuzana.sokolova.website.tuke.sk\/index.php?rest_route=\/wp\/v2\/users\/1"}],"replies":[{"embeddable":true,"href":"https:\/\/zuzana.sokolova.website.tuke.sk\/index.php?rest_route=%2Fwp%2Fv2%2Fcomments&post=19"}],"version-history":[{"count":3,"href":"https:\/\/zuzana.sokolova.website.tuke.sk\/index.php?rest_route=\/wp\/v2\/pages\/19\/revisions"}],"predecessor-version":[{"id":68,"href":"https:\/\/zuzana.sokolova.website.tuke.sk\/index.php?rest_route=\/wp\/v2\/pages\/19\/revisions\/68"}],"wp:attachment":[{"href":"https:\/\/zuzana.sokolova.website.tuke.sk\/index.php?rest_route=%2Fwp%2Fv2%2Fmedia&parent=19"}],"curies":[{"name":"wp","href":"https:\/\/api.w.org\/{rel}","templated":true}]}}