{"id":31,"date":"2025-09-09T14:37:45","date_gmt":"2025-09-09T14:37:45","guid":{"rendered":"https:\/\/zuzana.sokolova.website.tuke.sk\/?page_id=31"},"modified":"2025-09-09T16:39:46","modified_gmt":"2025-09-09T16:39:46","slug":"vyskum","status":"publish","type":"page","link":"https:\/\/zuzana.sokolova.website.tuke.sk\/?page_id=31","title":{"rendered":"V\u00fdskum"},"content":{"rendered":"\n<p class=\"is-style-text-subtitle is-style-text-subtitle--1\">V\u00fdskumn\u00e1 \u010dinnos\u0165 v oblastiach<\/p>\n\n\n\n<ul class=\"wp-block-list\">\n<li>spracovania prirodzen\u00e9ho jazyka<\/li>\n\n\n\n<li>klasifik\u00e1cia sentimentu, nen\u00e1vistn\u00fdch prejavov a\u00a0ofenz\u00edvneho jazyka v\u00a0korpusoch d\u00e1t<\/li>\n\n\n\n<li>detekcia toxick\u00e9ho jazyka v\u00a0korpusoch d\u00e1t<\/li>\n\n\n\n<li>tr\u00e9novanie, valid\u00e1cia a testovanie jazykov\u00fdch modelov<\/li>\n<\/ul>\n\n\n\n<p class=\"is-style-text-subtitle is-style-text-subtitle--2\">\u010clenstvo<\/p>\n\n\n\n<ul class=\"wp-block-list\">\n<li>\u010clen Eur\u00f3pskeho hubu pre nen\u00e1vistn\u00e9 prejavy v\u00a0online priestore \u2013 <strong><a href=\"https:\/\/europeanonlinehatelab.com\/index.html\" data-type=\"link\" data-id=\"https:\/\/europeanonlinehatelab.com\/index.html\">European Online Hate Lab<\/a><\/strong><\/li>\n<\/ul>\n\n\n\n<p class=\"is-style-text-subtitle is-style-text-subtitle--3\">Ocenenia<\/p>\n\n\n\n<ul class=\"wp-block-list\">\n<li><strong>Cena za vynikaj\u00facu univerzitn\u00fa pr\u00e1cu v\u00a0spojen\u00ed s\u00a0Umelou Inteligenciou <\/strong>s\u00a0n\u00e1zvom \u201eDetekcia nen\u00e1vistn\u00fdch prejavov met\u00f3dami hlbok\u00e9ho u\u010denia\u201c, pod veden\u00edm Ing. J\u00e1na Sta\u0161a, PhD., KEMT, FEI, TUKE, Ko\u0161ice, Slovakia.<\/li>\n<\/ul>\n\n\n\n<p><\/p>\n","protected":false},"excerpt":{"rendered":"<p>V\u00fdskumn\u00e1 \u010dinnos\u0165 v oblastiach \u010clenstvo Ocenenia<\/p>\n","protected":false},"author":1,"featured_media":0,"parent":0,"menu_order":0,"comment_status":"closed","ping_status":"closed","template":"","meta":{"footnotes":""},"class_list":["post-31","page","type-page","status-publish","hentry"],"_links":{"self":[{"href":"https:\/\/zuzana.sokolova.website.tuke.sk\/index.php?rest_route=\/wp\/v2\/pages\/31","targetHints":{"allow":["GET"]}}],"collection":[{"href":"https:\/\/zuzana.sokolova.website.tuke.sk\/index.php?rest_route=\/wp\/v2\/pages"}],"about":[{"href":"https:\/\/zuzana.sokolova.website.tuke.sk\/index.php?rest_route=\/wp\/v2\/types\/page"}],"author":[{"embeddable":true,"href":"https:\/\/zuzana.sokolova.website.tuke.sk\/index.php?rest_route=\/wp\/v2\/users\/1"}],"replies":[{"embeddable":true,"href":"https:\/\/zuzana.sokolova.website.tuke.sk\/index.php?rest_route=%2Fwp%2Fv2%2Fcomments&post=31"}],"version-history":[{"count":4,"href":"https:\/\/zuzana.sokolova.website.tuke.sk\/index.php?rest_route=\/wp\/v2\/pages\/31\/revisions"}],"predecessor-version":[{"id":72,"href":"https:\/\/zuzana.sokolova.website.tuke.sk\/index.php?rest_route=\/wp\/v2\/pages\/31\/revisions\/72"}],"wp:attachment":[{"href":"https:\/\/zuzana.sokolova.website.tuke.sk\/index.php?rest_route=%2Fwp%2Fv2%2Fmedia&parent=31"}],"curies":[{"name":"wp","href":"https:\/\/api.w.org\/{rel}","templated":true}]}}