{"id":7,"date":"2025-09-09T14:07:04","date_gmt":"2025-09-09T14:07:04","guid":{"rendered":"https:\/\/zuzana.sokolova.website.tuke.sk\/?page_id=7"},"modified":"2026-01-29T18:50:32","modified_gmt":"2026-01-29T18:50:32","slug":"o-mne","status":"publish","type":"page","link":"https:\/\/zuzana.sokolova.website.tuke.sk\/?page_id=7","title":{"rendered":"O mne"},"content":{"rendered":"\n<div class=\"wp-block-group alignfull is-style-section-1 has-global-padding is-layout-constrained wp-container-core-group-is-layout-0c9c989a wp-block-group-is-layout-constrained is-style-section-1--1\" style=\"min-height:0vh;margin-top:0;margin-bottom:0;padding-top:var(--wp--preset--spacing--70);padding-right:var(--wp--preset--spacing--40);padding-bottom:var(--wp--preset--spacing--70);padding-left:var(--wp--preset--spacing--40)\">\n<h2 class=\"wp-block-heading is-style-text-subtitle has-contrast-color has-text-color has-link-color wp-elements-6fef8430323b1609bf87527b2f9f2283 is-style-text-subtitle--2\"><strong>Odborn\u00e1 asistentka <\/strong>      <\/h2>\n\n\n\n<p>Katedra po\u010d\u00edta\u010dov\u00fdch siet\u00ed, Fakulta elektrotechniky a&nbsp;informatiky, Technick\u00e1 univerzita v&nbsp;Ko\u0161iciach<\/p>\n<\/div>\n\n\n\n<ul class=\"wp-block-list\">\n<li class=\"has-medium-font-size\" style=\"margin-top:0;margin-right:0;margin-bottom:0;margin-left:0;font-style:normal;font-weight:400\">pedagogick\u00e1 \u010dinnos\u0165,<\/li>\n\n\n\n<li class=\"has-medium-font-size\" style=\"margin-top:0;margin-right:0;margin-bottom:0;margin-left:0;font-style:normal;font-weight:400\">vedecko-v\u00fdskumn\u00e1 \u010dinnos\u0165,<\/li>\n\n\n\n<li class=\"has-medium-font-size\" style=\"margin-top:0;margin-right:0;margin-bottom:0;margin-left:0;font-style:normal;font-weight:400\">vedenie predn\u00e1\u0161ok a&nbsp;cvi\u010den\u00ed,<\/li>\n\n\n\n<li class=\"has-medium-font-size\" style=\"margin-top:0;margin-right:0;margin-bottom:0;margin-left:0;font-style:normal;font-weight:400\">vedenie bakal\u00e1rov a&nbsp;diplomantov,<\/li>\n\n\n\n<li class=\"has-medium-font-size\" style=\"margin-top:0;margin-right:0;margin-bottom:0;margin-left:0;font-style:normal;font-weight:400\">propag\u00e1cia katedry KEMT a&nbsp;fakulty FEI<\/li>\n<\/ul>\n\n\n\n<p><\/p>\n","protected":false},"excerpt":{"rendered":"<p>Odborn\u00e1 asistentka Katedra po\u010d\u00edta\u010dov\u00fdch siet\u00ed, Fakulta elektrotechniky a&nbsp;informatiky, Technick\u00e1 univerzita v&nbsp;Ko\u0161iciach<\/p>\n","protected":false},"author":1,"featured_media":0,"parent":0,"menu_order":0,"comment_status":"closed","ping_status":"closed","template":"","meta":{"footnotes":""},"class_list":["post-7","page","type-page","status-publish","hentry"],"_links":{"self":[{"href":"https:\/\/zuzana.sokolova.website.tuke.sk\/index.php?rest_route=\/wp\/v2\/pages\/7","targetHints":{"allow":["GET"]}}],"collection":[{"href":"https:\/\/zuzana.sokolova.website.tuke.sk\/index.php?rest_route=\/wp\/v2\/pages"}],"about":[{"href":"https:\/\/zuzana.sokolova.website.tuke.sk\/index.php?rest_route=\/wp\/v2\/types\/page"}],"author":[{"embeddable":true,"href":"https:\/\/zuzana.sokolova.website.tuke.sk\/index.php?rest_route=\/wp\/v2\/users\/1"}],"replies":[{"embeddable":true,"href":"https:\/\/zuzana.sokolova.website.tuke.sk\/index.php?rest_route=%2Fwp%2Fv2%2Fcomments&post=7"}],"version-history":[{"count":15,"href":"https:\/\/zuzana.sokolova.website.tuke.sk\/index.php?rest_route=\/wp\/v2\/pages\/7\/revisions"}],"predecessor-version":[{"id":96,"href":"https:\/\/zuzana.sokolova.website.tuke.sk\/index.php?rest_route=\/wp\/v2\/pages\/7\/revisions\/96"}],"wp:attachment":[{"href":"https:\/\/zuzana.sokolova.website.tuke.sk\/index.php?rest_route=%2Fwp%2Fv2%2Fmedia&parent=7"}],"curies":[{"name":"wp","href":"https:\/\/api.w.org\/{rel}","templated":true}]}}